{"id":2,"date":"2010-08-19T12:49:50","date_gmt":"2010-08-19T12:49:50","guid":{"rendered":""},"modified":"2013-08-07T14:09:58","modified_gmt":"2013-08-07T12:09:58","slug":"eine-seite","status":"publish","type":"page","link":"https:\/\/www.pockined.at\/blog\/?page_id=2","title":{"rendered":"Impressum"},"content":{"rendered":"<p><strong>allgemeine Informationspflichten gem\u00e4\u00df Mediengesetz:<\/strong><\/p>\n<ul>\n<li>Betreiber der Website: Thomas M.<\/li>\n<li>Anschrift: 1110 Wien, \u00d6sterreich\u00a0<\/li>\n<li>Kontakt: email: webmaster(at)pockined.at<\/li>\n<\/ul>\n<p><strong>Offenlegungspflicht gem\u00e4\u00df \u00a7 25 Mediengesetz:<\/strong><\/p>\n<ul>\n<li>Herausgeber: siehe Betreiber der Website<\/li>\n<li>Grundsatz: Der Blog <a href=\"http:\/\/www.pockined.at\">www.pockined.at<\/a> ist parteifrei und unabh\u00e4ngig. Dieser Blog beinhaltet Gedanken, Anregungen und Meinungen zu Dingen und Abl\u00e4ufen des t\u00e4glichen Lebens.\u00a0Produktnennungen beziehen sich allein auf in den jeweiligen Blogs\/Sites\/Foren behandelten Produkte und dienen als private Information f\u00fcr die LeserInnen. Sollten dennoch im Blog Texte, Bilder, Links oder andere Services Ansto\u00df erregen oder sogar rechtlich bedenklich sein so ersuche ich um eine E-Mail um diesen Umstand zu beseitigen. F\u00fcr Kommentare ist der jeweilige Absender vollinhaltlich verantwortlich.<\/li>\n<\/ul>\n<p><strong>Nutzungsbedingungen<\/strong><\/p>\n<p>Die Inhalte dieser Web-Site sind frei nutzbar und dienen ausschlie\u00dflich der Information. Es kommen durch die Nutzung der Auswahlm\u00f6glichkeiten der Web-Site keinerlei Rechtsgesch\u00e4fte zwischen dem Eigent\u00fcmer und den Nutzern zu Stande. Die weitere Vorgangsweise zwischen Anbietern und Nutzern und der m\u00f6gliche sp\u00e4tere Abschluss von Auftr\u00e4gen zwischen Anbietern und Nutzern liegen im ausschlie\u00dflichen Ermessen der Nutzer.<\/p>\n<p><strong>Copyright \/ Haftungsausschluss<\/strong><\/p>\n<p>Im Hinblick auf die technischen Eigenschaften des Internet kann keine Gew\u00e4hr f\u00fcr die Authentizit\u00e4t, Richtigkeit und Vollst\u00e4ndigkeit der im Internet zur Verf\u00fcgung gestellten Informationen \u00fcbernommen werden. Es wird auch keine Gew\u00e4hr f\u00fcr die Verf\u00fcgbarkeit oder den Betrieb der gegenst\u00e4ndlichen Homepage und ihrer Inhalte \u00fcbernommen.<\/p>\n<p>Jede Haftung f\u00fcr unmittelbare, mittelbare oder sonstige Sch\u00e4den, unabh\u00e4ngig von deren Ursachen, die aus der Benutzung oder Nichtverf\u00fcgbarkeit der Daten und Informationen dieser Homepage erwachsen, wird, soweit rechtlich zul\u00e4ssig, ausgeschlossen.<\/p>\n<p>Der Inhalt dieser Homepage ist urheberrechtlich gesch\u00fctzt. Die Informationen sind nur f\u00fcr die pers\u00f6nliche Verwendung bestimmt. Jede weitergehende Nutzung insbesondere die Speicherung in Datenbanken, Vervielf\u00e4ltigung und jede Form von gewerblicher Nutzung sowie die Weitergabe an Dritte &#8211; auch in Teilen oder in \u00fcberarbeiteter Form &#8211; ohne Zustimmung des Website-Inhabers ist untersagt.<\/p>\n<p>Hyperlinks auf dieses Weblog sind willkommen. Jede Einbindung einzelner Seiten unseres Angebotes in fremde Frames ist zu unterlassen, ebenso das zur Verf\u00fcgung stellen unseres RSS-Feeds auf fremden Seiten.<br \/>\n<strong><br \/>\nDatenschutz<\/strong><\/p>\n<p>Soweit auf unseren Seiten personenbezogene Daten (beispielsweise Name, Anschrift oder eMail-Adressen) erhoben werden, erfolgt dies soweit m\u00f6glich stets auf freiwilliger Basis. Die Nutzung der Angebote und Dienste ist, soweit m\u00f6glich, stets ohne Angabe personenbezogener Daten m\u00f6glich.<\/p>\n<p>Der Nutzung von im Rahmen der Impressumspflicht ver\u00f6ffentlichten Kontaktdaten durch Dritte zur \u00dcbersendung von nicht ausdr\u00fccklich angeforderter Werbung und Informationsmaterialien wird hiermit ausdr\u00fccklich widersprochen. Die Betreiber der Seiten behalten sich ausdr\u00fccklich rechtliche Schritte im Falle der unverlangten Zusendung von Werbeinformationen, etwa durch Spam-Mails, vor.<br \/>\n<strong><br \/>\nHaftung f\u00fcr Links<\/strong><\/p>\n<p>Dieses Weblog enth\u00e4lt Links zu externen Webseiten Dritter, auf deren Inhalte wir keinen Einfluss haben. Deshalb k\u00f6nnen wir f\u00fcr diese fremden Inhalte auch keine Gew\u00e4hr \u00fcbernehmen. F\u00fcr die Inhalte der verlinkten Seiten ist stets der jeweilige Anbieter oder Betreiber der Seiten verantwortlich. Die verlinkten Seiten wurden zum Zeitpunkt der Verlinkung auf m\u00f6gliche Rechtsverst\u00f6\u00dfe \u00fcberpr\u00fcft. Rechtswidrige Inhalte waren zum Zeitpunkt der Verlinkung nicht erkennbar. Eine permanente inhaltliche Kontrolle der verlinkten Seiten ist jedoch ohne konkrete Anhaltspunkte einer Rechtsverletzung nicht zumutbar. Bei bekannt werden von Rechtsverletzungen werden wir derartige Links umgehend entfernen.<\/p>\n","protected":false},"excerpt":{"rendered":"<p>allgemeine Informationspflichten gem\u00e4\u00df Mediengesetz: Betreiber der Website: Thomas M. Anschrift: 1110 Wien, \u00d6sterreich\u00a0 Kontakt: email: webmaster(at)pockined.at Offenlegungspflicht gem\u00e4\u00df \u00a7 25 Mediengesetz: Herausgeber: siehe Betreiber der Website Grundsatz: Der Blog www.pockined.at ist parteifrei und unabh\u00e4ngig. Dieser Blog beinhaltet Gedanken, Anregungen und &hellip; <a href=\"https:\/\/www.pockined.at\/blog\/?page_id=2\">Weiterlesen <span class=\"meta-nav\">&rarr;<\/span><\/a><\/p>\n","protected":false},"author":1,"featured_media":0,"parent":0,"menu_order":0,"comment_status":"closed","ping_status":"closed","template":"","meta":[],"_links":{"self":[{"href":"https:\/\/www.pockined.at\/blog\/index.php?rest_route=\/wp\/v2\/pages\/2"}],"collection":[{"href":"https:\/\/www.pockined.at\/blog\/index.php?rest_route=\/wp\/v2\/pages"}],"about":[{"href":"https:\/\/www.pockined.at\/blog\/index.php?rest_route=\/wp\/v2\/types\/page"}],"author":[{"embeddable":true,"href":"https:\/\/www.pockined.at\/blog\/index.php?rest_route=\/wp\/v2\/users\/1"}],"replies":[{"embeddable":true,"href":"https:\/\/www.pockined.at\/blog\/index.php?rest_route=%2Fwp%2Fv2%2Fcomments&post=2"}],"version-history":[{"count":5,"href":"https:\/\/www.pockined.at\/blog\/index.php?rest_route=\/wp\/v2\/pages\/2\/revisions"}],"predecessor-version":[{"id":6,"href":"https:\/\/www.pockined.at\/blog\/index.php?rest_route=\/wp\/v2\/pages\/2\/revisions\/6"}],"wp:attachment":[{"href":"https:\/\/www.pockined.at\/blog\/index.php?rest_route=%2Fwp%2Fv2%2Fmedia&parent=2"}],"curies":[{"name":"wp","href":"https:\/\/api.w.org\/{rel}","templated":true}]}}